{"id":89,"date":"2019-11-20T07:29:31","date_gmt":"2019-11-20T06:29:31","guid":{"rendered":"http:\/\/www.art-and-research.com\/?page_id=89"},"modified":"2023-04-09T14:30:55","modified_gmt":"2023-04-09T12:30:55","slug":"dienstleistungen","status":"publish","type":"page","link":"http:\/\/www.art-and-research.com\/ueber-mich\/dienstleistungen\/","title":{"rendered":"Dienstleistungen"},"content":{"rendered":"\n<ul class=\"has-white-color has-text-color\">\n<li class=\"has-medium-font-size\">Recherche, Erfassung, wissenschaftliche Bearbeitung von Kunstwerken, insbesondere von Handschriften, fr\u00fchen Drucken und Druckgraphik<\/li>\n\n\n\n<li class=\"has-medium-font-size\">Erfassung, Beschreibung und Betreuung von Sammlungen und Bibliotheken<\/li>\n\n\n\n<li class=\"has-medium-font-size\">Wissenschaftliche Texte zu Kunstwerken und K\u00fcnstlern<\/li>\n\n\n\n<li class=\"has-medium-font-size\">Ausstellungsideen und Ausstellungskonzepte<\/li>\n\n\n\n<li class=\"has-medium-font-size\">Rezensionen, Ausstellungsbesprechungen<\/li>\n\n\n\n<li class=\"has-medium-font-size\">Bildvortr\u00e4ge zu kunsthistorischen Themen, Einf\u00fchrungsvortr\u00e4ge f\u00fcr Kunstaustellungen<\/li>\n\n\n\n<li class=\"has-medium-font-size\">Ausstellungs- und Denkm\u00e4ler-F\u00fchrungen<\/li>\n\n\n\n<li class=\"has-medium-font-size\">Text- und Bildbearbeitung, Korrektur, Bildredaktion, Layoutkontrolle<\/li>\n\n\n\n<li class=\"has-medium-font-size\">\u00dcbersetzung von Fachtexten aus dem Englischen, Franz\u00f6sischen, Niederl\u00e4ndischen und Italienischen ins Deutsche<\/li>\n\n\n\n<li class=\"has-medium-font-size\">Objekt-, Bild- und Literaturrecherchen<\/li>\n\n\n\n<li class=\"has-medium-font-size\">Beschaffung von Bildlizenzen und Bildrechten<\/li>\n<\/ul>\n\n\n\n<p><\/p>\n","protected":false},"excerpt":{"rendered":"","protected":false},"author":1,"featured_media":0,"parent":0,"menu_order":0,"comment_status":"closed","ping_status":"closed","template":"","meta":[],"_links":{"self":[{"href":"http:\/\/www.art-and-research.com\/ueber-mich\/wp-json\/wp\/v2\/pages\/89"}],"collection":[{"href":"http:\/\/www.art-and-research.com\/ueber-mich\/wp-json\/wp\/v2\/pages"}],"about":[{"href":"http:\/\/www.art-and-research.com\/ueber-mich\/wp-json\/wp\/v2\/types\/page"}],"author":[{"embeddable":true,"href":"http:\/\/www.art-and-research.com\/ueber-mich\/wp-json\/wp\/v2\/users\/1"}],"replies":[{"embeddable":true,"href":"http:\/\/www.art-and-research.com\/ueber-mich\/wp-json\/wp\/v2\/comments?post=89"}],"version-history":[{"count":23,"href":"http:\/\/www.art-and-research.com\/ueber-mich\/wp-json\/wp\/v2\/pages\/89\/revisions"}],"predecessor-version":[{"id":412,"href":"http:\/\/www.art-and-research.com\/ueber-mich\/wp-json\/wp\/v2\/pages\/89\/revisions\/412"}],"wp:attachment":[{"href":"http:\/\/www.art-and-research.com\/ueber-mich\/wp-json\/wp\/v2\/media?parent=89"}],"curies":[{"name":"wp","href":"https:\/\/api.w.org\/{rel}","templated":true}]}}