{"id":8,"date":"2019-11-12T07:06:12","date_gmt":"2019-11-12T06:06:12","guid":{"rendered":"http:\/\/www.art-and-research.com\/?page_id=8"},"modified":"2019-11-20T14:02:47","modified_gmt":"2019-11-20T13:02:47","slug":"ueber-mich","status":"publish","type":"page","link":"http:\/\/www.art-and-research.com\/ueber-mich\/ueber-mich\/","title":{"rendered":"\u00dcber Mich"},"content":{"rendered":"\n<p> <\/p>\n\n\n\n<div class=\"wp-block-media-text alignwide\"><figure class=\"wp-block-media-text__media\"><img decoding=\"async\" loading=\"lazy\" width=\"843\" height=\"1024\" src=\"http:\/\/www.art-and-research.com\/wp-content\/uploads\/2019\/11\/Ina-Nettekoven-1-843x1024.jpg\" alt=\"\" class=\"wp-image-78\" srcset=\"http:\/\/www.art-and-research.com\/wp-content\/uploads\/2019\/11\/Ina-Nettekoven-1-843x1024.jpg 843w, http:\/\/www.art-and-research.com\/wp-content\/uploads\/2019\/11\/Ina-Nettekoven-1-247x300.jpg 247w, http:\/\/www.art-and-research.com\/wp-content\/uploads\/2019\/11\/Ina-Nettekoven-1-768x933.jpg 768w, http:\/\/www.art-and-research.com\/wp-content\/uploads\/2019\/11\/Ina-Nettekoven-1.jpg 1945w\" sizes=\"(max-width: 843px) 100vw, 843px\" \/><\/figure><div class=\"wp-block-media-text__content\">\n<p style=\"font-size:18px;text-align:left\">Geboren in Bonn, jeweils 15 Jahre in Berlin und in der Schweiz, seit 2015 zur\u00fcck im Rheinland.<\/p>\n\n\n\n<p style=\"font-size:18px\">Ausbildung zur M\u00f6beltischlerin und M\u00f6belrestauratorin.<\/p>\n\n\n\n<p style=\"font-size:18px\">Studium der Kunstgeschichte in Bonn und Berlin, abgeschlossen mit Promotion (Summa cum Laude).<\/p>\n\n\n\n<p style=\"font-size:18px\">Seit 1998 t\u00e4tig im Kunsthandel mit Schwerpunkt illuminierte Handschriften des Mittelalters und der Renaissance, illustrierte Inkunabeln, sp\u00e4tmittelalterliche Druckgraphik.<\/p>\n\n\n\n<p style=\"font-size:18px\"><strong>Weitere Interessensschwerpunkte:<\/strong><\/p>\n\n\n\n<p style=\"font-size:18px\"> &#8211;Sp\u00e4tmittelalterliche Malerei und Skulptur n\u00f6rdlich der Alpen.<\/p>\n\n\n\n<p style=\"font-size:18px\">-Buchillustration des 19. und 20. Jahrhunderts.<\/p>\n\n\n\n<p style=\"font-size:18px\">-Malerei der klassischen Moderne.<\/p>\n\n\n\n<p style=\"font-size:18px\">Seit 2014 freiberuflich t\u00e4tig im Kunsthandel, als Betreuerin von Privatsammlungen und als freie Kunstjournalistin. <\/p>\n<\/div><\/div>\n\n\n\n<p><\/p>\n","protected":false},"excerpt":{"rendered":"<p>Geboren in Bonn, jeweils 15 Jahre in Berlin und in der Schweiz, seit 2015 zur\u00fcck im Rheinland. Ausbildung zur M\u00f6beltischlerin und M\u00f6belrestauratorin. Studium der Kunstgeschichte in Bonn und Berlin, abgeschlossen mit Promotion (Summa cum Laude). Seit 1998 t\u00e4tig im Kunsthandel mit Schwerpunkt illuminierte Handschriften des Mittelalters und der Renaissance, illustrierte Inkunabeln, sp\u00e4tmittelalterliche Druckgraphik. Weitere Interessensschwerpunkte:<\/p>\n<div><a class=\"btn-filled btn\" href=\"http:\/\/www.art-and-research.com\/ueber-mich\/ueber-mich\/\" title=\"\u00dcber Mich\">Weiterlesen<\/a><\/div>\n","protected":false},"author":1,"featured_media":0,"parent":0,"menu_order":0,"comment_status":"closed","ping_status":"closed","template":"","meta":[],"_links":{"self":[{"href":"http:\/\/www.art-and-research.com\/ueber-mich\/wp-json\/wp\/v2\/pages\/8"}],"collection":[{"href":"http:\/\/www.art-and-research.com\/ueber-mich\/wp-json\/wp\/v2\/pages"}],"about":[{"href":"http:\/\/www.art-and-research.com\/ueber-mich\/wp-json\/wp\/v2\/types\/page"}],"author":[{"embeddable":true,"href":"http:\/\/www.art-and-research.com\/ueber-mich\/wp-json\/wp\/v2\/users\/1"}],"replies":[{"embeddable":true,"href":"http:\/\/www.art-and-research.com\/ueber-mich\/wp-json\/wp\/v2\/comments?post=8"}],"version-history":[{"count":7,"href":"http:\/\/www.art-and-research.com\/ueber-mich\/wp-json\/wp\/v2\/pages\/8\/revisions"}],"predecessor-version":[{"id":216,"href":"http:\/\/www.art-and-research.com\/ueber-mich\/wp-json\/wp\/v2\/pages\/8\/revisions\/216"}],"wp:attachment":[{"href":"http:\/\/www.art-and-research.com\/ueber-mich\/wp-json\/wp\/v2\/media?parent=8"}],"curies":[{"name":"wp","href":"https:\/\/api.w.org\/{rel}","templated":true}]}}